{"id":74,"date":"2014-01-14T18:59:36","date_gmt":"2014-01-14T18:59:36","guid":{"rendered":"http:\/\/newsfromheaven.info\/?page_id=74"},"modified":"2024-05-02T18:11:35","modified_gmt":"2024-05-02T18:11:35","slug":"faqs","status":"publish","type":"page","link":"https:\/\/newsfromheaven.info\/?page_id=74","title":{"rendered":"FAQs Deutsch"},"content":{"rendered":"\n<p><em>F: Sind diese Erz\u00e4hlungen erfunden oder beruhen sie auf tats\u00e4chlichen Erlebnissen?<br>\nA: <\/em>Die Erz\u00e4hlungen beruhen auf meinen tats\u00e4chlichen Erlebnissen. Die Gedichte ebenfalls oder auf Einsichten.<\/p>\n\n\n\n<p><em>F: Wer sind die himmlischen Gef\u00e4hrten? <br><\/em>A: Sie sprechen zu mir, obwohl ich sie nicht &#8222;h\u00f6ren&#8220; kann. Sie zeigen mir Dinge, obwohl ich nichts davon &#8222;sehen&#8220; kann. Ich wei\u00df auch nicht wirklich, wer sie sind. Ich bin immer noch am herausfinden. <\/p>\n\n\n\n<p>Weitere Fragen bitte per Mail an: martinATnewsfromheaven.info<\/p>\n\n\n\n<p>Email: martinEMAILSIGNnewsfromheaven.info<\/p>\n","protected":false},"excerpt":{"rendered":"<p>F: Sind diese Erz\u00e4hlungen erfunden oder beruhen sie auf tats\u00e4chlichen Erlebnissen? A: Die Erz\u00e4hlungen beruhen auf meinen tats\u00e4chlichen Erlebnissen. Die Gedichte ebenfalls oder auf Einsichten. F: Wer sind die himmlischen Gef\u00e4hrten? A: Sie sprechen zu mir, obwohl ich sie nicht &#8222;h\u00f6ren&#8220; kann. Sie zeigen mir Dinge, obwohl ich nichts davon &#8222;sehen&#8220; kann. Ich wei\u00df auch nicht wirklich, wer sie sind. Ich bin immer noch am herausfinden. Weitere Fragen bitte per Mail an: martinATnewsfromheaven.info Email: martinEMAILSIGNnewsfromheaven.info<\/p>\n","protected":false},"author":1,"featured_media":0,"parent":0,"menu_order":0,"comment_status":"closed","ping_status":"closed","template":"","meta":{"footnotes":""},"class_list":["post-74","page","type-page","status-publish","hentry"],"_links":{"self":[{"href":"https:\/\/newsfromheaven.info\/index.php?rest_route=\/wp\/v2\/pages\/74","targetHints":{"allow":["GET"]}}],"collection":[{"href":"https:\/\/newsfromheaven.info\/index.php?rest_route=\/wp\/v2\/pages"}],"about":[{"href":"https:\/\/newsfromheaven.info\/index.php?rest_route=\/wp\/v2\/types\/page"}],"author":[{"embeddable":true,"href":"https:\/\/newsfromheaven.info\/index.php?rest_route=\/wp\/v2\/users\/1"}],"replies":[{"embeddable":true,"href":"https:\/\/newsfromheaven.info\/index.php?rest_route=%2Fwp%2Fv2%2Fcomments&post=74"}],"version-history":[{"count":13,"href":"https:\/\/newsfromheaven.info\/index.php?rest_route=\/wp\/v2\/pages\/74\/revisions"}],"predecessor-version":[{"id":861,"href":"https:\/\/newsfromheaven.info\/index.php?rest_route=\/wp\/v2\/pages\/74\/revisions\/861"}],"wp:attachment":[{"href":"https:\/\/newsfromheaven.info\/index.php?rest_route=%2Fwp%2Fv2%2Fmedia&parent=74"}],"curies":[{"name":"wp","href":"https:\/\/api.w.org\/{rel}","templated":true}]}}